{"id":8946,"date":"2015-12-02T10:17:13","date_gmt":"2015-12-02T10:17:13","guid":{"rendered":"http:\/\/mall.cmsmasters.net\/?page_id=8946"},"modified":"2023-06-17T07:34:43","modified_gmt":"2023-06-17T12:34:43","slug":"about-me","status":"publish","type":"page","link":"https:\/\/uschilevy.com\/index.php\/about-me\/","title":{"rendered":"Sobre Mi"},"content":{"rendered":"<div id=\"cmsmasters_row_6cu6h7ubfk\" class=\"cmsmasters_row cmsmasters_color_scheme_default cmsmasters_row_top_default cmsmasters_row_bot_default cmsmasters_row_boxed\">\n<div class=\"cmsmasters_row_outer_parent\">\n<div class=\"cmsmasters_row_outer\">\n<div class=\"cmsmasters_row_inner\">\n<div class=\"cmsmasters_row_margin\">\n<div id=\"cmsmasters_column_glyfyawf9\" class=\"cmsmasters_column one_first\">\n<div class=\"cmsmasters_column_inner\"><div class=\"aligncenter\"><div class=\"cmsmasters_img  cmsmasters_image_c\"><img src=\"https:\/\/uschilevy.com\/wp-content\/uploads\/2023\/06\/WhatsApp-Image-2023-05-31-at-11.38.03-AM-1-300x298.jpeg\" \/><\/div><\/div>\n<\/div><\/div>\n<\/div>\n<\/div>\n<\/div>\n<\/div>\n<\/div>\n<div id=\"cmsmasters_row_33sst4yoq\" class=\"cmsmasters_row cmsmasters_color_scheme_default cmsmasters_row_top_default cmsmasters_row_bot_default cmsmasters_row_boxed\">\n<div class=\"cmsmasters_row_outer_parent\">\n<div class=\"cmsmasters_row_outer\">\n<div class=\"cmsmasters_row_inner\">\n<div class=\"cmsmasters_row_margin\">\n<div id=\"cmsmasters_column_6qr0jsbkan\" class=\"cmsmasters_column one_first\">\n<div class=\"cmsmasters_column_inner\"><div class=\"cmsmasters_text\">\n<p style=\"text-align: left;\">Me llamo Uschi (\u00darsula en alem\u00e1n) y soy periodista de radio, televisi\u00f3n y prensa escrita<\/p>\n<p style=\"text-align: left;\">Cubro entretenimiento y cultura porque creo que esta fuente est\u00e1 subestimada. El entretenimiento no tiene por qu\u00e9 ser light ni banal y aunque este tipo de periodismo est\u00e9 asociado con chismes y paparazzi \u00a1hay mucho m\u00e1s detr\u00e1s! Le apuesto a un periodismo en el que podamos quitarle el estigma a un tema que nos interesa a todos y que hace parte fundamental de nuestras vidas.<\/p>\n<p style=\"text-align: left;\">Aunque nac\u00ed en Argentina, empec\u00e9 mi carrera como periodista en Colombia. He trabajado para Todelar, Caracol Radio, RCN Radio, LA FM, La Rep\u00fablica, Caracol TV, RCN TV, RED + TV, Publimetro y El Tiempo, entre otros. De cada medio he aprendido algo y sigo aprendiendo con cada desaf\u00edo que se me presenta.<\/p>\n<p style=\"text-align: left;\">He tenido el honor de entrevistar a personajes internacionales como Mariah Carey, Steven Spielberg, Ed Sheeran, Meryl Streep, Leonardo Di Caprio, Denzel Washington. Scarlett Johanson, Emma Thompson, Tom Hanks, Salma Hayek y Dwayne Johnson, entre otros.<\/p>\n<p style=\"text-align: left;\">Antes de dedicarme al periodismo, me dediqu\u00e9 a la m\u00fasica. Habiendo estado de ese lado, s\u00e9 lo importante que es para una persona llegar a una entrevista y ver que el periodista conoce y ha estudiado su trabajo\u2026as\u00ed que cada entrevista que hago implica mucha preparaci\u00f3n, mucha lectura \u00a1y muchas horas de pantalla grande y chica!<\/p>\n<p style=\"text-align: left;\">Hablo espa\u00f1ol, ingl\u00e9s e Italiano\u2026y eso me ha ayudado a consolidar mi carrera. Poder conversar en el idioma del entrevistado es una gran ventaja.<\/p>\n<p style=\"text-align: left;\">Ac\u00e1 encontrar\u00e1n mi trabajo.<\/p>\n<p style=\"text-align: left;\">\u00a1Bienvenidos y bienvenidas!<\/p>\n<\/div>\n<\/div><\/div>\n<\/div>\n<\/div>\n<\/div>\n<\/div>\n<\/div>\n<div id=\"cmsmasters_row_dw7to9guud\" class=\"cmsmasters_row cmsmasters_color_scheme_default cmsmasters_row_top_default cmsmasters_row_bot_default cmsmasters_row_boxed\">\n<div class=\"cmsmasters_row_outer_parent\">\n<div class=\"cmsmasters_row_outer\">\n<div class=\"cmsmasters_row_inner\">\n<div class=\"cmsmasters_row_margin\">\n<div id=\"cmsmasters_column_vhno83gig\" class=\"cmsmasters_column one_first\">\n<div class=\"cmsmasters_column_inner\"><div class=\"aligncenter\"><div class=\"cmsmasters_img  cmsmasters_image_c\"><img src=\"https:\/\/uschilevy.com\/wp-content\/uploads\/2023\/05\/logo-300x61.png\" \/><\/div><\/div>\n<\/div><\/div>\n<\/div>\n<\/div>\n<\/div>\n<\/div>\n<\/div>\n<div id=\"cmsmasters_row_vs1kgefmhl\" class=\"cmsmasters_row cmsmasters_color_scheme_default cmsmasters_row_top_default cmsmasters_row_bot_default cmsmasters_row_boxed\">\n<div class=\"cmsmasters_row_outer_parent\">\n<div class=\"cmsmasters_row_outer\">\n<div class=\"cmsmasters_row_inner\">\n<div class=\"cmsmasters_row_margin cmsmasters_row_columns_behavior\">\n<div id=\"cmsmasters_column_hewgdmdc9\" class=\"cmsmasters_column one_third\">\n<div class=\"cmsmasters_column_inner\"><div id=\"cmsmasters_button_u0fvvvhid\" class=\"button_wrap\"><a href=\"https:\/\/uschilevy.com\/index.php\/contacts\/\" class=\"cmsmasters_button\"><span>Contactame<\/span><\/a><\/div>\n<\/div><\/div>\n<div id=\"cmsmasters_column_oi1tjk3lxa\" class=\"cmsmasters_column one_third\">\n<div class=\"cmsmasters_column_inner\"><div id=\"cmsmasters_button_a9bi0zvi79\" class=\"button_wrap\"><a href=\"https:\/\/instagram.com\/uschilevy?igshid=MzRlODBiNWFlZA==\" class=\"cmsmasters_button\"><span>Sigueme en instagram<\/span><\/a><\/div>\n<\/div><\/div>\n<div id=\"cmsmasters_column_9zyvryxubs\" class=\"cmsmasters_column one_third\">\n<div class=\"cmsmasters_column_inner\"><\/div><\/div>\n<\/div>\n<\/div>\n<\/div>\n<\/div>\n<\/div>\n\n","protected":false},"excerpt":{"rendered":"","protected":false},"author":1,"featured_media":0,"parent":0,"menu_order":0,"comment_status":"closed","ping_status":"closed","template":"","meta":[],"aioseo_notices":[],"_links":{"self":[{"href":"https:\/\/uschilevy.com\/index.php\/wp-json\/wp\/v2\/pages\/8946"}],"collection":[{"href":"https:\/\/uschilevy.com\/index.php\/wp-json\/wp\/v2\/pages"}],"about":[{"href":"https:\/\/uschilevy.com\/index.php\/wp-json\/wp\/v2\/types\/page"}],"author":[{"embeddable":true,"href":"https:\/\/uschilevy.com\/index.php\/wp-json\/wp\/v2\/users\/1"}],"replies":[{"embeddable":true,"href":"https:\/\/uschilevy.com\/index.php\/wp-json\/wp\/v2\/comments?post=8946"}],"version-history":[{"count":10,"href":"https:\/\/uschilevy.com\/index.php\/wp-json\/wp\/v2\/pages\/8946\/revisions"}],"predecessor-version":[{"id":14553,"href":"https:\/\/uschilevy.com\/index.php\/wp-json\/wp\/v2\/pages\/8946\/revisions\/14553"}],"wp:attachment":[{"href":"https:\/\/uschilevy.com\/index.php\/wp-json\/wp\/v2\/media?parent=8946"}],"curies":[{"name":"wp","href":"https:\/\/api.w.org\/{rel}","templated":true}]}}